{"id":12495,"date":"2022-06-13T08:02:45","date_gmt":"2022-06-13T08:02:45","guid":{"rendered":"http:\/\/www.volvox.rs\/?page_id=12495"},"modified":"2022-10-05T14:50:08","modified_gmt":"2022-10-05T14:50:08","slug":"politika-kolacica","status":"publish","type":"page","link":"https:\/\/www.volvox.rs\/en\/politika-kolacica\/","title":{"rendered":"Cookie Policy"},"content":{"rendered":"<div data-elementor-type=\"wp-page\" data-elementor-id=\"12495\" class=\"elementor elementor-12495\" data-elementor-settings=\"[]\">\n\t\t\t<div class=\"elementor-inner\">\n\t\t\t\t<div class=\"elementor-section-wrap\">\n\t\t\t\t\t\t\t<section class=\"elementor-element elementor-element-2c6b6c98 elementor-section-stretched elementor-section-height-min-height elementor-section-boxed elementor-section-height-default elementor-section-items-middle elementor-section elementor-top-section\" data-id=\"2c6b6c98\" data-element_type=\"section\" data-settings=\"{&quot;stretch_section&quot;:&quot;section-stretched&quot;,&quot;background_background&quot;:&quot;classic&quot;,&quot;shape_divider_bottom&quot;:&quot;tilt&quot;}\">\n\t\t\t\t\t\t\t<div class=\"elementor-background-overlay\"><\/div>\n\t\t\t\t\t\t<div class=\"elementor-shape elementor-shape-bottom\" data-negative=\"false\">\n\t\t\t<svg xmlns=\"http:\/\/www.w3.org\/2000\/svg\" viewbox=\"0 0 1000 100\" preserveaspectratio=\"none\">\n\t<path class=\"elementor-shape-fill\" d=\"M0,6V0h1000v100L0,6z\"\/>\n<\/svg>\t\t<\/div>\n\t\t\t\t\t<div class=\"elementor-container elementor-column-gap-default\">\n\t\t\t\t<div class=\"elementor-row\">\n\t\t\t\t<div class=\"elementor-element elementor-element-1346b0e2 elementor-column elementor-col-100 elementor-top-column\" data-id=\"1346b0e2\" data-element_type=\"column\">\n\t\t\t<div class=\"elementor-column-wrap  elementor-element-populated\">\n\t\t\t\t\t<div class=\"elementor-widget-wrap\">\n\t\t\t\t<div class=\"elementor-element elementor-element-a17bc39 elementor-widget elementor-widget-spacer\" data-id=\"a17bc39\" data-element_type=\"widget\" data-widget_type=\"spacer.default\">\n\t\t\t\t<div class=\"elementor-widget-container\">\n\t\t\t\t\t<div class=\"elementor-spacer\">\n\t\t\t<div class=\"elementor-spacer-inner\"><\/div>\n\t\t<\/div>\n\t\t\t\t<\/div>\n\t\t\t\t<\/div>\n\t\t\t\t<section class=\"elementor-element elementor-element-39889d48 elementor-section-content-middle elementor-section-boxed elementor-section-height-default elementor-section-height-default elementor-section elementor-inner-section\" data-id=\"39889d48\" data-element_type=\"section\">\n\t\t\t\t\t\t<div class=\"elementor-container elementor-column-gap-default\">\n\t\t\t\t<div class=\"elementor-row\">\n\t\t\t\t<div class=\"elementor-element elementor-element-1cdaeedb elementor-column elementor-col-50 elementor-inner-column\" data-id=\"1cdaeedb\" data-element_type=\"column\">\n\t\t\t<div class=\"elementor-column-wrap  elementor-element-populated\">\n\t\t\t\t\t<div class=\"elementor-widget-wrap\">\n\t\t\t\t<div class=\"elementor-element elementor-element-72acee81 elementor-invisible elementor-widget elementor-widget-heading\" data-id=\"72acee81\" data-element_type=\"widget\" data-settings=\"{&quot;_animation&quot;:&quot;slideInRight&quot;,&quot;_animation_delay&quot;:1000}\" data-widget_type=\"heading.default\">\n\t\t\t\t<div class=\"elementor-widget-container\">\n\t\t\t<h1 class=\"elementor-heading-title elementor-size-default\">Cookie Policy<\/h1>\t\t<\/div>\n\t\t\t\t<\/div>\n\t\t\t\t<div class=\"elementor-element elementor-element-5f2a4f92 elementor-hidden-desktop elementor-hidden-tablet elementor-invisible elementor-widget elementor-widget-radiant-custom-button\" data-id=\"5f2a4f92\" data-element_type=\"widget\" data-settings=\"{&quot;_animation&quot;:&quot;fadeIn&quot;,&quot;_animation_delay&quot;:200}\" data-widget_type=\"radiant-custom-button.default\">\n\t\t\t\t<div class=\"elementor-widget-container\">\n\t\t\t<div class=\"radiantthemes-custom-button element-one hover-style-five\" data-button-direction=\"center\" data-button-fullwidth=\"false\" ><a class=\"radiantthemes-custom-button-main\" href=\"https:\/\/ryse.radiantthemes.com\/contact-us\/\"  target=\"_blank\" rel=\"nofollow\" ><div class=\"placeholder\">Contact us<\/div><\/a><\/div>\t\t<\/div>\n\t\t\t\t<\/div>\n\t\t\t\t\t\t<\/div>\n\t\t\t<\/div>\n\t\t<\/div>\n\t\t\t\t<div class=\"elementor-element elementor-element-5594abeb elementor-column elementor-col-50 elementor-inner-column\" data-id=\"5594abeb\" data-element_type=\"column\">\n\t\t\t<div class=\"elementor-column-wrap\">\n\t\t\t\t\t<div class=\"elementor-widget-wrap\">\n\t\t\t\t\t\t<\/div>\n\t\t\t<\/div>\n\t\t<\/div>\n\t\t\t\t\t\t<\/div>\n\t\t\t<\/div>\n\t\t<\/section>\n\t\t\t\t\t\t<\/div>\n\t\t\t<\/div>\n\t\t<\/div>\n\t\t\t\t\t\t<\/div>\n\t\t\t<\/div>\n\t\t<\/section>\n\t\t\t\t<section class=\"elementor-element elementor-element-7c2ee922 elementor-hidden-phone elementor-section-boxed elementor-section-height-default elementor-section-height-default elementor-section elementor-top-section\" data-id=\"7c2ee922\" data-element_type=\"section\">\n\t\t\t\t\t\t<div class=\"elementor-container elementor-column-gap-default\">\n\t\t\t\t<div class=\"elementor-row\">\n\t\t\t\t<div class=\"elementor-element elementor-element-46e8c5ca elementor-column elementor-col-100 elementor-top-column\" data-id=\"46e8c5ca\" data-element_type=\"column\">\n\t\t\t<div class=\"elementor-column-wrap  elementor-element-populated\">\n\t\t\t\t\t<div class=\"elementor-widget-wrap\">\n\t\t\t\t<div class=\"elementor-element elementor-element-2111723c elementor-widget elementor-widget-spacer\" data-id=\"2111723c\" data-element_type=\"widget\" data-widget_type=\"spacer.default\">\n\t\t\t\t<div class=\"elementor-widget-container\">\n\t\t\t\t\t<div class=\"elementor-spacer\">\n\t\t\t<div class=\"elementor-spacer-inner\"><\/div>\n\t\t<\/div>\n\t\t\t\t<\/div>\n\t\t\t\t<\/div>\n\t\t\t\t\t\t<\/div>\n\t\t\t<\/div>\n\t\t<\/div>\n\t\t\t\t\t\t<\/div>\n\t\t\t<\/div>\n\t\t<\/section>\n\t\t\t\t<section class=\"elementor-element elementor-element-3375ec0c elementor-section-boxed elementor-section-height-default elementor-section-height-default elementor-section elementor-top-section\" data-id=\"3375ec0c\" data-element_type=\"section\">\n\t\t\t\t\t\t<div class=\"elementor-container elementor-column-gap-default\">\n\t\t\t\t<div class=\"elementor-row\">\n\t\t\t\t<div class=\"elementor-element elementor-element-66d5852e elementor-column elementor-col-100 elementor-top-column\" data-id=\"66d5852e\" data-element_type=\"column\">\n\t\t\t<div class=\"elementor-column-wrap  elementor-element-populated\">\n\t\t\t\t\t<div class=\"elementor-widget-wrap\">\n\t\t\t\t<div class=\"elementor-element elementor-element-238f3933 elementor-widget elementor-widget-text-editor\" data-id=\"238f3933\" data-element_type=\"widget\" data-widget_type=\"text-editor.default\">\n\t\t\t\t<div class=\"elementor-widget-container\">\n\t\t\t\t\t<div class=\"elementor-text-editor elementor-clearfix\"><p><b>At Volvox we believe in a clear and transparent approach to collecting and using your personal data. Our web page can send your computer or other devices small, often encrypted, textual files stored in the directories of your browsers, so called cookies, all for the purpose of improving the services on our web page and improving your experience when browsing. In accordance with the Personal Data Protection Law, and in the spirit of transparency, we hereby provide information on how and when we use this technology. By accepting and using the web page you are accepting the use of cookies. By blocking cookies you can still view the page but some options won\u2019t be accessible.\u00a0<\/b><\/p><p>\u00a0<\/p><p><b>For other information relevant to personal data processing, as well as company Volvox, which is the data Controller for website https:\/\/www.volvox.rs\/, you can find out more in our Privacy Policy. <\/b><a href=\"https:\/\/www.volvox.rs\/en\/\"><b>https:\/\/www.volvox.rs\/<\/b><\/a><b> u pitanju, vi\u0161e informacija mo\u017eete prona\u0107i na na\u0161oj <a href=\"https:\/\/www.volvox.rs\/en\/politika-privatnosti\/\">Politici privatnosti<\/a>.<\/b><\/p><p><b><br \/>What is a Cookie?<\/b><\/p><p><span style=\"font-weight: 400;\">A cookie is information sent to your computer\/other devices by the web page you are visiting. Cookies usually keep your web page settings, like the desired language or address. Later, when you open the same web page, the browser sends back the cookies that belong to that page. This enables the page to display information suited to your already saved requirements. Cookies may save a broad range of information, including personal data (like your name or email). However, this information can be kept only if you enable it \u2013 web pages cannot gain access to information that you did not previously provide and cannot access other files on your computer\/other device. The stored activities for saving and sending cookies are not visible to you. Still, you can change the settings of your browser in order to choose for yourself whether you want to approve or deny the storing of cookies automatically when closing the internet browser for instance.<\/span><\/p><p><b><br \/>How to disable cookies?<\/b><\/p><p><span style=\"font-weight: 400;\">By disabling cookies, you are deciding whether to permit the storage of cookies on your computer\/other device. Cookie settings can be controlled and configured in your web browser. For information on cookie settings, choose the service of the web browser you are using.<\/span><\/p><ul><li><a href=\"https:\/\/www.google.com\/intl\/en\/chrome\/browser\/\"><span style=\"font-weight: 400;\">Chrome<\/span><\/a><\/li><li><a href=\"http:\/\/www.mozilla.org\/en-US\/firefox\/new\/\"><span style=\"font-weight: 400;\">Firefox<\/span><\/a><\/li><li><a href=\"http:\/\/windows.microsoft.com\/en-us\/internet-explorer\/downloads\/ie-9\/worldwide-languages\"><span style=\"font-weight: 400;\">Internet Explorer 11 (plus Microsoft Edge)<\/span><\/a><\/li><li><a href=\"http:\/\/www.opera.com\/computer\/windows\"><span style=\"font-weight: 400;\">Opera<\/span><\/a><span style=\"font-weight: 400;\">\u00a0<\/span><\/li><li><a href=\"http:\/\/www.apple.com\/safari\/\"><span style=\"font-weight: 400;\">Safari<\/span><\/a><span style=\"font-weight: 400;\">(stranica na engleskom)<\/span><\/li><\/ul><p><span style=\"font-weight: 400;\">If you disable cookies, you won\u2019t be able to use some of the functionalities on these web pages.<\/span><\/p><p><b><br \/>What are temporary cookies?<\/b><\/p><p><span style=\"font-weight: 400;\">Temporary cookies or session cookies are removed from the computer\/other device when the browser is closed. With them, web pages store temporary data and the cookies last as long as the session itself.<\/span><\/p><p><b><br \/>What are permanent cookies?<\/b><\/p><p><span style=\"font-weight: 400;\">Permanent or persistent cookies can assist us in recognising the visitor as an already existing user, making it easier to return to the web page https:\/\/www.volvox.rs\/ or communicate with our services. A permanent cookie remains in your browser and our web page will read it once you return to our web location. With them, web locations store data and these cookies can remain on your computer for days, months and even years. <\/span><a href=\"https:\/\/www.volvox.rs\/en\/\"><span style=\"font-weight: 400;\">https:\/\/www.volvox.rs\/<\/span><\/a> <span style=\"font-weight: 400;\">v<\/span><span style=\"font-weight: 400;\">eb stranicu ili komunicirate sa na\u0161im uslugama. Trajni kola\u010dic\u0301 ostaje u Va\u0161em pregleda\u010du i na\u0161a veb stranica \u0107e ga pro\u010ditati kada se vratite na na\u0161u veb lokaciju. Pomo\u0107u njih veb mesta skladi\u0161te podatke, i ovi kola\u010di\u0107i mogu ostati na ra\u010dunaru danima, mesecima, \u010dak i godinama.\u00a0<\/span><\/p><p><b><br \/>What are first-party cookies?<\/b><\/p><p><span style=\"font-weight: 400;\">A first-party cookie comes from the web location you are visiting, and can be permanent or temporary. With these cookies, web locations can store data that will be reused during the next visit to that location.<\/span><\/p><p><b><br \/>What are third-party cookies?<\/b><\/p><p><span style=\"font-weight: 400;\">Third-party cookies come from the advertisements of other web locations (like pop-ups or other advertisements) that are located on the web page you are visiting. With these cookies, web locations can monitor the use of the internet for marketing purposes. Also, they may serve to understand the manner in which you are using the site. They help the site to be constantly up to date, to improve quality and provide insight into which pages are more popular. For those purposes we use Google Analytics.<\/span><\/p><p><b><br \/>Does <\/b><a href=\"https:\/\/www.volvox.rs\/en\/\"><b>https:\/\/www.volvox.rs\/<\/b><\/a><b>\u00a0 <\/b><b>v<\/b><b>web page use Cookies?<\/b><\/p><p><span style=\"font-weight: 400;\">Yes, with a primary goal to enable better user experience on our web pages and a simpler utilisation of the <\/span><a href=\"https:\/\/www.volvox.rs\/en\/\"><span style=\"font-weight: 400;\">https:\/\/www.volvox.rs\/<\/span><\/a><span style=\"font-weight: 400;\"> web page.<\/span><\/p><p><b><br \/>What types of cookies does the <\/b><a href=\"https:\/\/www.volvox.rs\/en\/\"><b>https:\/\/www.volvox.rs\/<\/b><\/a><b> web page use and why?<\/b><\/p><ul><li style=\"list-style-type: none;\"><ul><li style=\"font-weight: 400;\" aria-level=\"1\"><b>Temporary cookies<\/b><span style=\"font-weight: 400;\"> are held temporarily and expire (and are automatically deleted) once you close the web browser.<\/span><\/li><li style=\"font-weight: 400;\" aria-level=\"1\"><b>Permanent cookies <\/b><span style=\"font-weight: 400;\">usually have an expiration date in the far future and remain on your browser until expired or are manually deleted.\u00a0<\/span><\/li><\/ul><\/li><\/ul><ul><li aria-level=\"1\"><b>Essential cookies <\/b><span style=\"font-weight: 400;\">Some cookies are essential in order to experience the complete functionality of our web page. Without them, some parts of the web page simply won\u2019t work as intended.<\/span><\/li><\/ul><ul><li aria-level=\"1\"><b>Preferred cookies <\/b><span style=\"font-weight: 400;\">These cookies (also called functional) enable our web page to remember your settings, assisting you in adjusting your experience on our web location. In that way, we can remember you when you return to our web page and suit it to your previous settings.<\/span><\/li><\/ul><ul><li aria-level=\"1\"><b>Statistical cookies <\/b><span style=\"font-weight: 400;\">These cookies tell us how you are using the web page and help us in improving your user experience. For example, these cookies count the number of visitors of our web page and can see the visitors moving around while using it. This assists us in improving the manner in which our web page works, like ensuring the visitors can easily find what they are searching for.<\/span><\/li><\/ul><ul><li aria-level=\"1\"><b>Marketing cookies <\/b><span style=\"font-weight: 400;\">These cookies (also called advertising cookies) are used to deliver advertised content relevant to you and can be used to monitor the efficiency of ad campaigns on the web page. These cookies are placed on our web location by our partners (marketing service providers) and they can remember your web search activity and use this data for a better understanding of you and your needs \u2013 for instance \u2013 demographics (where you are coming from to our website), age range etc. Only anonymous information is kept and used in this way and only for the goal of providing content that is most relevant to you.<\/span><\/li><\/ul><p><b><br \/>Are there Third Party Cookies on the web page?<\/b><\/p><p><span style=\"font-weight: 400;\">There are a couple of external services like Google Analytics, Google Tag Manager and Meta Pixel, which store limited cookies for the visitor. These cookies are not set by this web page, but some are used for the normal functioning of certain options that make the content easily accessible to the visitors.<\/span><\/p><p><span style=\"font-weight: 400;\"><br \/>Additional information on Third Parties that collect and process information can be found at:<\/span><\/p><p><span style=\"font-weight: 400;\">Google Analytics: <\/span><a href=\"https:\/\/developers.google.com\/analytics\"><span style=\"font-weight: 400;\">https:\/\/developers.google.com\/analytics<\/span><\/a><\/p><p><span style=\"font-weight: 400;\">Google Tag Manager:\u00a0 <\/span><a href=\"https:\/\/support.google.com\/tagmanager\/answer\/6102821?hl=en\"><span style=\"font-weight: 400;\">https:\/\/support.google.com\/tagmanager\/answer\/6102821?hl=en<\/span><\/a><\/p><p><span style=\"font-weight: 400;\">MetaPixel: <\/span><a href=\"https:\/\/developers.facebook.com\/docs\/meta-pixel\"><span style=\"font-weight: 400;\">https:\/\/developers.facebook.com\/docs\/meta-pixel<\/span><\/a><\/p><p><b><br \/>Additional information on disabling cookies<\/b><\/p><p><span style=\"font-weight: 400;\">Our website enables you to independently, within your web browser, select whether you accept cookies or not. Different web browsers provide you with different controls. In general, your web browser will offer you the possibility to accept, deny or delete cookies at any point, whereby you can choose which cookies you wish to delete \u2013 starting with the third party cookies all the way up to specifically targeted cookies set by the web sites you visited. Almost every website on the browser should contain instructions on how you can do this.\u00a0<\/span><\/p><p><span style=\"font-weight: 400;\">More information about cookies can be obtained at the following links:<\/span><\/p><p><a href=\"http:\/\/www.youronlinechoices.eu\/\"><span style=\"font-weight: 400;\">http:\/\/www.youronlinechoices.eu\/<\/span><\/a><\/p><p><a href=\"http:\/\/www.allaboutcookies.org\/\"><span style=\"font-weight: 400;\">http:\/\/www.allaboutcookies.org\/<\/span><\/a><\/p><\/div>\n\t\t\t\t<\/div>\n\t\t\t\t<\/div>\n\t\t\t\t\t\t<\/div>\n\t\t\t<\/div>\n\t\t<\/div>\n\t\t\t\t\t\t<\/div>\n\t\t\t<\/div>\n\t\t<\/section>\n\t\t\t\t<section class=\"elementor-element elementor-element-55ba357 elementor-section-boxed elementor-section-height-default elementor-section-height-default elementor-section elementor-top-section\" data-id=\"55ba357\" data-element_type=\"section\">\n\t\t\t\t\t\t<div class=\"elementor-container elementor-column-gap-default\">\n\t\t\t\t<div class=\"elementor-row\">\n\t\t\t\t<div class=\"elementor-element elementor-element-57618c7f elementor-column elementor-col-100 elementor-top-column\" data-id=\"57618c7f\" data-element_type=\"column\">\n\t\t\t<div class=\"elementor-column-wrap  elementor-element-populated\">\n\t\t\t\t\t<div class=\"elementor-widget-wrap\">\n\t\t\t\t<div class=\"elementor-element elementor-element-380739e6 elementor-hidden-phone elementor-widget elementor-widget-spacer\" data-id=\"380739e6\" data-element_type=\"widget\" data-widget_type=\"spacer.default\">\n\t\t\t\t<div class=\"elementor-widget-container\">\n\t\t\t\t\t<div class=\"elementor-spacer\">\n\t\t\t<div class=\"elementor-spacer-inner\"><\/div>\n\t\t<\/div>\n\t\t\t\t<\/div>\n\t\t\t\t<\/div>\n\t\t\t\t\t\t<\/div>\n\t\t\t<\/div>\n\t\t<\/div>\n\t\t\t\t\t\t<\/div>\n\t\t\t<\/div>\n\t\t<\/section>\n\t\t\t\t<section class=\"elementor-element elementor-element-833f69b elementor-section-boxed elementor-section-height-default elementor-section-height-default elementor-section elementor-top-section\" data-id=\"833f69b\" data-element_type=\"section\">\n\t\t\t\t\t\t<div class=\"elementor-container elementor-column-gap-default\">\n\t\t\t\t<div class=\"elementor-row\">\n\t\t\t\t<div class=\"elementor-element elementor-element-9bec523 elementor-column elementor-col-100 elementor-top-column\" data-id=\"9bec523\" data-element_type=\"column\">\n\t\t\t<div class=\"elementor-column-wrap  elementor-element-populated\">\n\t\t\t\t\t<div class=\"elementor-widget-wrap\">\n\t\t\t\t<div class=\"elementor-element elementor-element-8f5f192 elementor-widget elementor-widget-spacer\" data-id=\"8f5f192\" data-element_type=\"widget\" data-widget_type=\"spacer.default\">\n\t\t\t\t<div class=\"elementor-widget-container\">\n\t\t\t\t\t<div class=\"elementor-spacer\">\n\t\t\t<div class=\"elementor-spacer-inner\"><\/div>\n\t\t<\/div>\n\t\t\t\t<\/div>\n\t\t\t\t<\/div>\n\t\t\t\t\t\t<\/div>\n\t\t\t<\/div>\n\t\t<\/div>\n\t\t\t\t\t\t<\/div>\n\t\t\t<\/div>\n\t\t<\/section>\n\t\t\t\t\t\t<\/div>\n\t\t\t<\/div>\n\t\t<\/div>","protected":false},"excerpt":{"rendered":"<p>Politika kola\u010di\u0107a Kontaktirajte Nas U Volvox-u verujemo u jasan i otvoren pristup kada je u pitanju prikupljanje i kori\u0161\u0107enje Va\u0161ih li\u010dnih podataka. Na\u0161a veb stranica mo\u017ee da po\u0161alje Va\u0161em ra\u010dunaru ili drugom ure\u0111aju male, \u010desto \u0161ifrovane, tekstualne datoteke sme\u0161tene u direktorijumima Va\u0161ih pregleda\u010da tzv. kola\u010di\u0107e (cookies), a sve u cilju unapre\u0111enja usluge na na\u0161oj veb [&hellip;]<\/p>","protected":false},"author":1,"featured_media":0,"parent":0,"menu_order":0,"comment_status":"closed","ping_status":"closed","template":"elementor_header_footer","meta":[],"_links":{"self":[{"href":"https:\/\/www.volvox.rs\/en\/wp-json\/wp\/v2\/pages\/12495"}],"collection":[{"href":"https:\/\/www.volvox.rs\/en\/wp-json\/wp\/v2\/pages"}],"about":[{"href":"https:\/\/www.volvox.rs\/en\/wp-json\/wp\/v2\/types\/page"}],"author":[{"embeddable":true,"href":"https:\/\/www.volvox.rs\/en\/wp-json\/wp\/v2\/users\/1"}],"replies":[{"embeddable":true,"href":"https:\/\/www.volvox.rs\/en\/wp-json\/wp\/v2\/comments?post=12495"}],"version-history":[{"count":8,"href":"https:\/\/www.volvox.rs\/en\/wp-json\/wp\/v2\/pages\/12495\/revisions"}],"predecessor-version":[{"id":12724,"href":"https:\/\/www.volvox.rs\/en\/wp-json\/wp\/v2\/pages\/12495\/revisions\/12724"}],"wp:attachment":[{"href":"https:\/\/www.volvox.rs\/en\/wp-json\/wp\/v2\/media?parent=12495"}],"curies":[{"name":"wp","href":"https:\/\/api.w.org\/{rel}","templated":true}]}}