{"id":14596,"date":"2026-05-15T08:10:33","date_gmt":"2026-05-15T08:10:33","guid":{"rendered":"http:\/\/www.volvox.rs\/?page_id=14596"},"modified":"2026-05-15T08:18:27","modified_gmt":"2026-05-15T08:18:27","slug":"refund-policy","status":"publish","type":"page","link":"https:\/\/www.volvox.rs\/en\/refund-policy\/","title":{"rendered":"Refund Policy"},"content":{"rendered":"<div data-elementor-type=\"wp-page\" data-elementor-id=\"14596\" class=\"elementor elementor-14596\" data-elementor-settings=\"[]\">\n\t\t\t<div class=\"elementor-inner\">\n\t\t\t\t<div class=\"elementor-section-wrap\">\n\t\t\t\t\t\t\t<section class=\"elementor-element elementor-element-b3e3406 elementor-section-boxed elementor-section-height-default elementor-section-height-default elementor-section elementor-top-section\" data-id=\"b3e3406\" data-element_type=\"section\">\n\t\t\t\t\t\t<div class=\"elementor-container elementor-column-gap-default\">\n\t\t\t\t<div class=\"elementor-row\">\n\t\t\t\t<div class=\"elementor-element elementor-element-21a2edd elementor-column elementor-col-100 elementor-top-column\" data-id=\"21a2edd\" data-element_type=\"column\">\n\t\t\t<div class=\"elementor-column-wrap  elementor-element-populated\">\n\t\t\t\t\t<div class=\"elementor-widget-wrap\">\n\t\t\t\t<div class=\"elementor-element elementor-element-282f208 elementor-widget elementor-widget-text-editor\" data-id=\"282f208\" data-element_type=\"widget\" data-widget_type=\"text-editor.default\">\n\t\t\t\t<div class=\"elementor-widget-container\">\n\t\t\t\t\t<div class=\"elementor-text-editor elementor-clearfix\"><p data-start=\"25\" data-end=\"108\">This Refund Policy applies to all purchases made through our services.<\/p><p data-start=\"25\" data-end=\"108\">\u00a0<\/p><h3 data-section-id=\"1wmhtf\" data-start=\"110\" data-end=\"144\">1. Subscription and SaaS Services<\/h3><p data-start=\"145\" data-end=\"258\">Except when noted expliciely, all subscriptions are billed in advance according to the selected billing cycle (monthly, yearly, or otherwise).\n\nExcept where required by applicable law, <strong data-start=\"317\" data-end=\"347\">all payments are non-refundable<\/strong>. We do not provide refunds or credits for partial subscription periods, unused services, or early cancellation.<\/p><p data-start=\"260\" data-end=\"480\">\u00a0<\/p><h3 data-section-id=\"grxkc7\" data-start=\"482\" data-end=\"521\">2. Automatic Renewal<\/h3><p data-start=\"522\" data-end=\"733\">Subscriptions automatically renew at the end of each billing period unless cancelled before the renewal date. You are responsible for cancelling your subscription in advance to avoid future charges.<\/p><p data-start=\"522\" data-end=\"733\">\u00a0<\/p><h3 data-section-id=\"mz4516\" data-start=\"735\" data-end=\"767\">3. Exceptions Required by Law<\/h3><p data-start=\"768\" data-end=\"961\">Nothing in this policy excludes or limits any refund rights you may have under mandatory consumer protection laws applicable in your country of residence. Where such laws require a refund, we will comply in full.<\/p><p data-start=\"963\" data-end=\"1051\">\u00a0<\/p><h3 data-section-id=\"15m8tav\" data-start=\"1053\" data-end=\"1081\">4. Cancellation<\/h3><p data-start=\"1082\" data-end=\"1292\">You may cancel your subscription at any time through your account settings or by contacting support. Cancellation will stop future billing but will not trigger a refund for the current billing period.<\/p><p data-start=\"1082\" data-end=\"1292\">\u00a0<\/p><h3 data-section-id=\"12qglct\" data-start=\"1294\" data-end=\"1308\">5. Contact<\/h3><p data-start=\"1309\" data-end=\"1423\" data-is-last-node=\"\" data-is-only-node=\"\">If you have any questions about billing or refunds, please contact us using the contact form.<\/p><\/div>\n\t\t\t\t<\/div>\n\t\t\t\t<\/div>\n\t\t\t\t\t\t<\/div>\n\t\t\t<\/div>\n\t\t<\/div>\n\t\t\t\t\t\t<\/div>\n\t\t\t<\/div>\n\t\t<\/section>\n\t\t\t\t\t\t<\/div>\n\t\t\t<\/div>\n\t\t<\/div>","protected":false},"excerpt":{"rendered":"<p>Ova Politika refundacije se primenjuje na sve kupovine izvr\u0161ene putem na\u0161ih usluga. \u00a0 1. Pretplatni\u010dke i SaaS usluge Osim u slu\u010dajevima kada to eksplicitno nazna\u010dimo, sve pretplate se napla\u0107uju unapred, u skladu sa izabranim obra\u010dunskim periodom (mese\u010dno, godi\u0161nje ili druga\u010dije). Osim u slu\u010dajevima kada je to propisano va\u017ee\u0107im zakonom, sva pla\u0107anja su nepovratna. Ne odobravamo [&hellip;]<\/p>","protected":false},"author":1,"featured_media":0,"parent":0,"menu_order":0,"comment_status":"closed","ping_status":"closed","template":"","meta":[],"_links":{"self":[{"href":"https:\/\/www.volvox.rs\/en\/wp-json\/wp\/v2\/pages\/14596"}],"collection":[{"href":"https:\/\/www.volvox.rs\/en\/wp-json\/wp\/v2\/pages"}],"about":[{"href":"https:\/\/www.volvox.rs\/en\/wp-json\/wp\/v2\/types\/page"}],"author":[{"embeddable":true,"href":"https:\/\/www.volvox.rs\/en\/wp-json\/wp\/v2\/users\/1"}],"replies":[{"embeddable":true,"href":"https:\/\/www.volvox.rs\/en\/wp-json\/wp\/v2\/comments?post=14596"}],"version-history":[{"count":5,"href":"https:\/\/www.volvox.rs\/en\/wp-json\/wp\/v2\/pages\/14596\/revisions"}],"predecessor-version":[{"id":14601,"href":"https:\/\/www.volvox.rs\/en\/wp-json\/wp\/v2\/pages\/14596\/revisions\/14601"}],"wp:attachment":[{"href":"https:\/\/www.volvox.rs\/en\/wp-json\/wp\/v2\/media?parent=14596"}],"curies":[{"name":"wp","href":"https:\/\/api.w.org\/{rel}","templated":true}]}}